{"id":3467,"date":"2024-06-11T23:07:53","date_gmt":"2024-06-11T21:07:53","guid":{"rendered":"https:\/\/naturoots.es\/?page_id=3467"},"modified":"2026-01-05T13:26:49","modified_gmt":"2026-01-05T12:26:49","slug":"hides-fotograficos","status":"publish","type":"page","link":"https:\/\/naturoots.es\/en\/hides-fotograficos\/","title":{"rendered":"Photo Hides"},"content":{"rendered":"<div data-elementor-type=\"wp-page\" data-elementor-id=\"3467\" class=\"elementor elementor-3467\" data-elementor-post-type=\"page\">\n\t\t\t\t\t\t<section class=\"elementor-section elementor-top-section elementor-element elementor-element-3931bb37 elementor-section-height-min-height elementor-section-boxed elementor-section-height-default elementor-section-items-middle\" data-id=\"3931bb37\" data-element_type=\"section\" data-settings=\"{&quot;background_background&quot;:&quot;classic&quot;}\">\n\t\t\t\t\t\t\t<div class=\"elementor-background-overlay\"><\/div>\n\t\t\t\t\t\t\t<div class=\"elementor-container elementor-column-gap-default\">\n\t\t\t\t\t<div class=\"elementor-column elementor-col-100 elementor-top-column elementor-element elementor-element-71b3a470\" data-id=\"71b3a470\" data-element_type=\"column\">\n\t\t\t<div class=\"elementor-widget-wrap elementor-element-populated\">\n\t\t\t\t\t\t\t<\/div>\n\t\t<\/div>\n\t\t\t\t\t<\/div>\n\t\t<\/section>\n\t\t\t\t<section class=\"elementor-section elementor-top-section elementor-element elementor-element-834a955 elementor-section-boxed elementor-section-height-default elementor-section-height-default\" data-id=\"834a955\" data-element_type=\"section\" data-settings=\"{&quot;background_background&quot;:&quot;classic&quot;}\">\n\t\t\t\t\t\t\t<div class=\"elementor-background-overlay\"><\/div>\n\t\t\t\t\t\t\t<div class=\"elementor-container elementor-column-gap-default\">\n\t\t\t\t\t<div class=\"elementor-column elementor-col-100 elementor-top-column elementor-element elementor-element-cc7de7d\" data-id=\"cc7de7d\" data-element_type=\"column\">\n\t\t\t<div class=\"elementor-widget-wrap elementor-element-populated\">\n\t\t\t\t\t\t<section class=\"elementor-section elementor-inner-section elementor-element elementor-element-ddf5f52 elementor-section-boxed elementor-section-height-default elementor-section-height-default\" data-id=\"ddf5f52\" data-element_type=\"section\">\n\t\t\t\t\t\t<div class=\"elementor-container elementor-column-gap-default\">\n\t\t\t\t\t<div class=\"elementor-column elementor-col-100 elementor-inner-column elementor-element elementor-element-b4ab714\" data-id=\"b4ab714\" data-element_type=\"column\">\n\t\t\t<div class=\"elementor-widget-wrap elementor-element-populated\">\n\t\t\t\t\t\t<div class=\"elementor-element elementor-element-1cc4eee elementor-invisible elementor-widget elementor-widget-heading\" data-id=\"1cc4eee\" data-element_type=\"widget\" data-settings=\"{&quot;_animation&quot;:&quot;slideInLeft&quot;}\" data-widget_type=\"heading.default\">\n\t\t\t\t<div class=\"elementor-widget-container\">\n\t\t\t\t\t<h2 class=\"elementor-heading-title elementor-size-default\">Wildlife Photography at Its Finest<\/h2>\t\t\t\t<\/div>\n\t\t\t\t<\/div>\n\t\t\t\t<div class=\"elementor-element elementor-element-1cb9476 elementor-invisible elementor-widget elementor-widget-text-editor\" data-id=\"1cb9476\" data-element_type=\"widget\" data-settings=\"{&quot;_animation&quot;:&quot;slideInUp&quot;}\" data-widget_type=\"text-editor.default\">\n\t\t\t\t<div class=\"elementor-widget-container\">\n\t\t\t\t\t\t\t\t\t<p><span style=\"font-weight: 400;\">Our hides have been carefully designed to allow photographers to capture intimate images of wildlife in their natural environment without disturbance.<\/span><\/p>\t\t\t\t\t\t\t\t<\/div>\n\t\t\t\t<\/div>\n\t\t\t\t\t<\/div>\n\t\t<\/div>\n\t\t\t\t\t<\/div>\n\t\t<\/section>\n\t\t\t\t<div class=\"elementor-element elementor-element-b874fd7 elementor-grid-4 elementor-grid-tablet-2 elementor-grid-mobile-1 elementor-widget elementor-widget-loop-grid\" data-id=\"b874fd7\" data-element_type=\"widget\" data-settings=\"{&quot;template_id&quot;:3614,&quot;columns&quot;:4,&quot;_skin&quot;:&quot;post&quot;,&quot;columns_tablet&quot;:&quot;2&quot;,&quot;columns_mobile&quot;:&quot;1&quot;,&quot;edit_handle_selector&quot;:&quot;[data-elementor-type=\\&quot;loop-item\\&quot;]&quot;,&quot;row_gap&quot;:{&quot;unit&quot;:&quot;px&quot;,&quot;size&quot;:&quot;&quot;,&quot;sizes&quot;:[]},&quot;row_gap_tablet&quot;:{&quot;unit&quot;:&quot;px&quot;,&quot;size&quot;:&quot;&quot;,&quot;sizes&quot;:[]},&quot;row_gap_mobile&quot;:{&quot;unit&quot;:&quot;px&quot;,&quot;size&quot;:&quot;&quot;,&quot;sizes&quot;:[]}}\" data-widget_type=\"loop-grid.post\">\n\t\t\t\t<div class=\"elementor-widget-container\">\n\t\t\t\t\t\t\t<div class=\"elementor-loop-container elementor-grid\" role=\"list\">\n\t\t<style id=\"loop-3614\">.elementor-3614 .elementor-element.elementor-element-e7efa0c{--display:flex;--min-height:486px;--flex-direction:row;--container-widget-width:calc( ( 1 - var( --container-widget-flex-grow ) ) * 100% );--container-widget-height:100%;--container-widget-flex-grow:1;--container-widget-align-self:stretch;--flex-wrap-mobile:wrap;--align-items:stretch;--gap:10px 10px;--row-gap:10px;--column-gap:10px;--padding-top:0px;--padding-bottom:0px;--padding-left:0px;--padding-right:0px;}.elementor-3614 .elementor-element.elementor-element-a29814b{--display:flex;--gap:0px 0px;--row-gap:0px;--column-gap:0px;--border-radius:20px 20px 20px 20px;box-shadow:0px 10px 32px -4px rgba(23.999999999999996, 39.000000000000036, 75, 0.1);--margin-top:0px;--margin-bottom:0px;--margin-left:0px;--margin-right:0px;--padding-top:0px;--padding-bottom:0px;--padding-left:0px;--padding-right:0px;}.elementor-3614 .elementor-element.elementor-element-a29814b:not(.elementor-motion-effects-element-type-background), .elementor-3614 .elementor-element.elementor-element-a29814b > .elementor-motion-effects-container > .elementor-motion-effects-layer{background-color:var( --e-global-color-primary );}.elementor-3614 .elementor-element.elementor-element-030ebe8 img{border-radius:20px 20px 20px 20px;}.elementor-3614 .elementor-element.elementor-element-be79043 > .elementor-widget-container{margin:0px 0px 15px 0px;padding:27px 25px 0px 25px;}.elementor-3614 .elementor-element.elementor-element-be79043{text-align:start;}.elementor-3614 .elementor-element.elementor-element-be79043 .elementor-heading-title{font-family:\"Poppins\", Sans-serif;font-size:20px;font-weight:600;text-transform:none;line-height:26px;color:var( --e-global-color-text );}.elementor-3614 .elementor-element.elementor-element-51919bd > .elementor-widget-container{padding:0px 20px 12px 20px;}.elementor-3614 .elementor-element.elementor-element-51919bd .elementor-heading-title{font-size:16px;font-weight:400;text-transform:none;line-height:26px;color:#000000;}.elementor-3614 .elementor-element.elementor-element-08ffdbc .elementor-button{background-color:#FB8E2600;fill:var( --e-global-color-accent );color:var( --e-global-color-accent );padding:0px 0px 0px 25px;}.elementor-3614 .elementor-element.elementor-element-08ffdbc > .elementor-widget-container{margin:0px 0px 0px 0px;padding:10px 0px 15px 0px;}.elementor-3614 .elementor-element.elementor-element-08ffdbc:hover > .elementor-widget-container{border-radius:0px 0px 0px 0px;}.elementor-3614 .elementor-element.elementor-element-08ffdbc .elementor-button-content-wrapper{flex-direction:row-reverse;}.elementor-3614 .elementor-element.elementor-element-08ffdbc .elementor-button .elementor-button-content-wrapper{gap:15px;}.elementor-3614 .elementor-element.elementor-element-08ffdbc .elementor-button:hover, .elementor-3614 .elementor-element.elementor-element-08ffdbc .elementor-button:focus{color:var( --e-global-color-secondary );border-color:#02010100;}.elementor-3614 .elementor-element.elementor-element-08ffdbc .elementor-button:hover svg, .elementor-3614 .elementor-element.elementor-element-08ffdbc .elementor-button:focus svg{fill:var( --e-global-color-secondary );}@media(max-width:1024px) and (min-width:768px){.elementor-3614 .elementor-element.elementor-element-a29814b{--width:100%;}}@media(max-width:1024px){.elementor-3614 .elementor-element.elementor-element-e7efa0c{--min-height:0px;}.elementor-3614 .elementor-element.elementor-element-a29814b{--margin-top:0px;--margin-bottom:0px;--margin-left:10px;--margin-right:10px;}.elementor-3614 .elementor-element.elementor-element-be79043 .elementor-heading-title{font-size:18px;line-height:22px;}}@media(max-width:767px){.elementor-3614 .elementor-element.elementor-element-e7efa0c{--min-height:0px;}.elementor-3614 .elementor-element.elementor-element-a29814b{--gap:0px 0px;--row-gap:0px;--column-gap:0px;--margin-top:0px;--margin-bottom:20px;--margin-left:0px;--margin-right:0px;--padding-top:0px;--padding-bottom:0px;--padding-left:0px;--padding-right:0px;}.elementor-3614 .elementor-element.elementor-element-be79043 > .elementor-widget-container{margin:15px 0px 15px 0px;}.elementor-3614 .elementor-element.elementor-element-be79043{text-align:center;}.elementor-3614 .elementor-element.elementor-element-be79043 .elementor-heading-title{font-size:16px;line-height:22px;}.elementor-3614 .elementor-element.elementor-element-08ffdbc > .elementor-widget-container{margin:0px 0px 0px 0px;padding:15px 0px 15px 0px;}}<\/style>\t\t<div data-elementor-type=\"loop-item\" data-elementor-id=\"3614\" class=\"elementor elementor-3614 e-loop-item e-loop-item-4664 post-4664 servicio type-servicio status-publish has-post-thumbnail hentry categoria-de-servicio-hides-fotograficos\" data-elementor-post-type=\"elementor_library\" data-custom-edit-handle=\"1\">\n\t\t\t<div class=\"elementor-element elementor-element-e7efa0c e-flex e-con-boxed e-con e-parent\" data-id=\"e7efa0c\" data-element_type=\"container\">\n\t\t\t\t\t<div class=\"e-con-inner\">\n\t\t<div class=\"elementor-element elementor-element-a29814b container-services e-con-full e-flex e-con e-child\" data-id=\"a29814b\" data-element_type=\"container\" data-settings=\"{&quot;background_background&quot;:&quot;classic&quot;}\">\n\t\t\t\t<div class=\"elementor-element elementor-element-030ebe8 elementor-widget elementor-widget-image\" data-id=\"030ebe8\" data-element_type=\"widget\" data-widget_type=\"image.default\">\n\t\t\t\t<div class=\"elementor-widget-container\">\n\t\t\t\t\t\t\t\t\t\t\t\t\t\t\t\t<a href=\"https:\/\/naturoots.es\/en\/servicio\/hide-fotografico-lince-iberico\/\">\n\t\t\t\t\t\t\t<img fetchpriority=\"high\" decoding=\"async\" width=\"615\" height=\"410\" src=\"https:\/\/naturoots.es\/wp-content\/uploads\/2025\/09\/Fotografia-7-e1759244308701.jpeg\" class=\"elementor-animation-shrink attachment-full size-full wp-image-4668\" alt=\"Observaci\u00f3n de linces And\u00fajar - NATUROOTS\" \/>\t\t\t\t\t\t\t\t<\/a>\n\t\t\t\t\t\t\t\t\t\t\t\t\t\t\t<\/div>\n\t\t\t\t<\/div>\n\t\t\t\t<div class=\"elementor-element elementor-element-be79043 elementor-widget elementor-widget-heading\" data-id=\"be79043\" data-element_type=\"widget\" data-widget_type=\"heading.default\">\n\t\t\t\t<div class=\"elementor-widget-container\">\n\t\t\t\t\t<h3 class=\"elementor-heading-title elementor-size-default\">Hide San Gin\u00e9s<\/h3>\t\t\t\t<\/div>\n\t\t\t\t<\/div>\n\t\t\t\t<div class=\"elementor-element elementor-element-51919bd elementor-widget elementor-widget-heading\" data-id=\"51919bd\" data-element_type=\"widget\" data-widget_type=\"heading.default\">\n\t\t\t\t<div class=\"elementor-widget-container\">\n\t\t\t\t\t<span class=\"elementor-heading-title elementor-size-default\">Discover the majesty of the Iberian lynx in the Sierra de And\u00fajar, its historical stronghold and a sanctuary for this endangered species<\/span>\t\t\t\t<\/div>\n\t\t\t\t<\/div>\n\t\t\t\t<div class=\"elementor-element elementor-element-08ffdbc elementor-align-left elementor-mobile-align-center elementor-widget elementor-widget-button\" data-id=\"08ffdbc\" data-element_type=\"widget\" data-widget_type=\"button.default\">\n\t\t\t\t<div class=\"elementor-widget-container\">\n\t\t\t\t\t\t\t\t\t<div class=\"elementor-button-wrapper\">\n\t\t\t\t\t<a class=\"elementor-button elementor-button-link elementor-size-md elementor-animation-hang\" href=\"https:\/\/naturoots.es\/en\/servicio\/hide-fotografico-lince-iberico\/\">\n\t\t\t\t\t\t<span class=\"elementor-button-content-wrapper\">\n\t\t\t\t\t\t<span class=\"elementor-button-icon\">\n\t\t\t\t<i aria-hidden=\"true\" class=\"icon icon-right-arrow\"><\/i>\t\t\t<\/span>\n\t\t\t\t\t\t\t\t\t<span class=\"elementor-button-text\">more information<\/span>\n\t\t\t\t\t<\/span>\n\t\t\t\t\t<\/a>\n\t\t\t\t<\/div>\n\t\t\t\t\t\t\t\t<\/div>\n\t\t\t\t<\/div>\n\t\t\t\t<\/div>\n\t\t\t\t\t<\/div>\n\t\t\t\t<\/div>\n\t\t\t\t<\/div>\n\t\t\t\t<div data-elementor-type=\"loop-item\" data-elementor-id=\"3614\" class=\"elementor elementor-3614 e-loop-item e-loop-item-3958 post-3958 servicio type-servicio status-publish has-post-thumbnail hentry categoria-de-servicio-hides-fotograficos\" data-elementor-post-type=\"elementor_library\" data-custom-edit-handle=\"1\">\n\t\t\t<div class=\"elementor-element elementor-element-e7efa0c e-flex e-con-boxed e-con e-parent\" data-id=\"e7efa0c\" data-element_type=\"container\">\n\t\t\t\t\t<div class=\"e-con-inner\">\n\t\t<div class=\"elementor-element elementor-element-a29814b container-services e-con-full e-flex e-con e-child\" data-id=\"a29814b\" data-element_type=\"container\" data-settings=\"{&quot;background_background&quot;:&quot;classic&quot;}\">\n\t\t\t\t<div class=\"elementor-element elementor-element-030ebe8 elementor-widget elementor-widget-image\" data-id=\"030ebe8\" data-element_type=\"widget\" data-widget_type=\"image.default\">\n\t\t\t\t<div class=\"elementor-widget-container\">\n\t\t\t\t\t\t\t\t\t\t\t\t\t\t\t\t<a href=\"https:\/\/naturoots.es\/en\/servicio\/hide-fotografico-la-charca\/\">\n\t\t\t\t\t\t\t<img decoding=\"async\" width=\"570\" height=\"410\" src=\"https:\/\/naturoots.es\/wp-content\/uploads\/2024\/07\/pitoreal-570x410-1.jpg\" class=\"elementor-animation-shrink attachment-full size-full wp-image-3959\" alt=\"Observaci\u00f3n de linces And\u00fajar - NATUROOTS\" srcset=\"https:\/\/naturoots.es\/wp-content\/uploads\/2024\/07\/pitoreal-570x410-1.jpg 570w, https:\/\/naturoots.es\/wp-content\/uploads\/2024\/07\/pitoreal-570x410-1-300x216.jpg 300w, https:\/\/naturoots.es\/wp-content\/uploads\/2024\/07\/pitoreal-570x410-1-18x12.jpg 18w\" sizes=\"(max-width: 570px) 100vw, 570px\" \/>\t\t\t\t\t\t\t\t<\/a>\n\t\t\t\t\t\t\t\t\t\t\t\t\t\t\t<\/div>\n\t\t\t\t<\/div>\n\t\t\t\t<div class=\"elementor-element elementor-element-be79043 elementor-widget elementor-widget-heading\" data-id=\"be79043\" data-element_type=\"widget\" data-widget_type=\"heading.default\">\n\t\t\t\t<div class=\"elementor-widget-container\">\n\t\t\t\t\t<h3 class=\"elementor-heading-title elementor-size-default\">The Pond Hide<\/h3>\t\t\t\t<\/div>\n\t\t\t\t<\/div>\n\t\t\t\t<div class=\"elementor-element elementor-element-51919bd elementor-widget elementor-widget-heading\" data-id=\"51919bd\" data-element_type=\"widget\" data-widget_type=\"heading.default\">\n\t\t\t\t<div class=\"elementor-widget-container\">\n\t\t\t\t\t<span class=\"elementor-heading-title elementor-size-default\">Forest Birds of the Mediterranean Woodland. Besides, from this hide is possible to take iberian lynx pictures<\/span>\t\t\t\t<\/div>\n\t\t\t\t<\/div>\n\t\t\t\t<div class=\"elementor-element elementor-element-08ffdbc elementor-align-left elementor-mobile-align-center elementor-widget elementor-widget-button\" data-id=\"08ffdbc\" data-element_type=\"widget\" data-widget_type=\"button.default\">\n\t\t\t\t<div class=\"elementor-widget-container\">\n\t\t\t\t\t\t\t\t\t<div class=\"elementor-button-wrapper\">\n\t\t\t\t\t<a class=\"elementor-button elementor-button-link elementor-size-md elementor-animation-hang\" href=\"https:\/\/naturoots.es\/en\/servicio\/hide-fotografico-la-charca\/\">\n\t\t\t\t\t\t<span class=\"elementor-button-content-wrapper\">\n\t\t\t\t\t\t<span class=\"elementor-button-icon\">\n\t\t\t\t<i aria-hidden=\"true\" class=\"icon icon-right-arrow\"><\/i>\t\t\t<\/span>\n\t\t\t\t\t\t\t\t\t<span class=\"elementor-button-text\">more information<\/span>\n\t\t\t\t\t<\/span>\n\t\t\t\t\t<\/a>\n\t\t\t\t<\/div>\n\t\t\t\t\t\t\t\t<\/div>\n\t\t\t\t<\/div>\n\t\t\t\t<\/div>\n\t\t\t\t\t<\/div>\n\t\t\t\t<\/div>\n\t\t\t\t<\/div>\n\t\t\t\t<div data-elementor-type=\"loop-item\" data-elementor-id=\"3614\" class=\"elementor elementor-3614 e-loop-item e-loop-item-3930 post-3930 servicio type-servicio status-publish has-post-thumbnail hentry categoria-de-servicio-hides-fotograficos\" data-elementor-post-type=\"elementor_library\" data-custom-edit-handle=\"1\">\n\t\t\t<div class=\"elementor-element elementor-element-e7efa0c e-flex e-con-boxed e-con e-parent\" data-id=\"e7efa0c\" data-element_type=\"container\">\n\t\t\t\t\t<div class=\"e-con-inner\">\n\t\t<div class=\"elementor-element elementor-element-a29814b container-services e-con-full e-flex e-con e-child\" data-id=\"a29814b\" data-element_type=\"container\" data-settings=\"{&quot;background_background&quot;:&quot;classic&quot;}\">\n\t\t\t\t<div class=\"elementor-element elementor-element-030ebe8 elementor-widget elementor-widget-image\" data-id=\"030ebe8\" data-element_type=\"widget\" data-widget_type=\"image.default\">\n\t\t\t\t<div class=\"elementor-widget-container\">\n\t\t\t\t\t\t\t\t\t\t\t\t\t\t\t\t<a href=\"https:\/\/naturoots.es\/en\/servicio\/hide-fotografico-el-helipuerto-no-disponible\/\">\n\t\t\t\t\t\t\t<img decoding=\"async\" width=\"570\" height=\"410\" src=\"https:\/\/naturoots.es\/wp-content\/uploads\/2024\/07\/imperial-570x410-2.jpg\" class=\"elementor-animation-shrink attachment-full size-full wp-image-3932\" alt=\"Observaci\u00f3n de linces And\u00fajar - NATUROOTS\" srcset=\"https:\/\/naturoots.es\/wp-content\/uploads\/2024\/07\/imperial-570x410-2.jpg 570w, https:\/\/naturoots.es\/wp-content\/uploads\/2024\/07\/imperial-570x410-2-300x216.jpg 300w, https:\/\/naturoots.es\/wp-content\/uploads\/2024\/07\/imperial-570x410-2-18x12.jpg 18w\" sizes=\"(max-width: 570px) 100vw, 570px\" \/>\t\t\t\t\t\t\t\t<\/a>\n\t\t\t\t\t\t\t\t\t\t\t\t\t\t\t<\/div>\n\t\t\t\t<\/div>\n\t\t\t\t<div class=\"elementor-element elementor-element-be79043 elementor-widget elementor-widget-heading\" data-id=\"be79043\" data-element_type=\"widget\" data-widget_type=\"heading.default\">\n\t\t\t\t<div class=\"elementor-widget-container\">\n\t\t\t\t\t<h3 class=\"elementor-heading-title elementor-size-default\">Comming soon Raptors hide<\/h3>\t\t\t\t<\/div>\n\t\t\t\t<\/div>\n\t\t\t\t<div class=\"elementor-element elementor-element-51919bd elementor-widget elementor-widget-heading\" data-id=\"51919bd\" data-element_type=\"widget\" data-widget_type=\"heading.default\">\n\t\t\t\t<div class=\"elementor-widget-container\">\n\t\t\t\t\t<span class=\"elementor-heading-title elementor-size-default\">The skies of the Sierra de And\u00fajar is the setting for a multitude of species of birds<\/span>\t\t\t\t<\/div>\n\t\t\t\t<\/div>\n\t\t\t\t<div class=\"elementor-element elementor-element-08ffdbc elementor-align-left elementor-mobile-align-center elementor-widget elementor-widget-button\" data-id=\"08ffdbc\" data-element_type=\"widget\" data-widget_type=\"button.default\">\n\t\t\t\t<div class=\"elementor-widget-container\">\n\t\t\t\t\t\t\t\t\t<div class=\"elementor-button-wrapper\">\n\t\t\t\t\t<a class=\"elementor-button elementor-button-link elementor-size-md elementor-animation-hang\" href=\"https:\/\/naturoots.es\/en\/servicio\/hide-fotografico-el-helipuerto-no-disponible\/\">\n\t\t\t\t\t\t<span class=\"elementor-button-content-wrapper\">\n\t\t\t\t\t\t<span class=\"elementor-button-icon\">\n\t\t\t\t<i aria-hidden=\"true\" class=\"icon icon-right-arrow\"><\/i>\t\t\t<\/span>\n\t\t\t\t\t\t\t\t\t<span class=\"elementor-button-text\">more information<\/span>\n\t\t\t\t\t<\/span>\n\t\t\t\t\t<\/a>\n\t\t\t\t<\/div>\n\t\t\t\t\t\t\t\t<\/div>\n\t\t\t\t<\/div>\n\t\t\t\t<\/div>\n\t\t\t\t\t<\/div>\n\t\t\t\t<\/div>\n\t\t\t\t<\/div>\n\t\t\t\t<div data-elementor-type=\"loop-item\" data-elementor-id=\"3614\" class=\"elementor elementor-3614 e-loop-item e-loop-item-3920 post-3920 servicio type-servicio status-publish has-post-thumbnail hentry categoria-de-servicio-hides-fotograficos\" data-elementor-post-type=\"elementor_library\" data-custom-edit-handle=\"1\">\n\t\t\t<div class=\"elementor-element elementor-element-e7efa0c e-flex e-con-boxed e-con e-parent\" data-id=\"e7efa0c\" data-element_type=\"container\">\n\t\t\t\t\t<div class=\"e-con-inner\">\n\t\t<div class=\"elementor-element elementor-element-a29814b container-services e-con-full e-flex e-con e-child\" data-id=\"a29814b\" data-element_type=\"container\" data-settings=\"{&quot;background_background&quot;:&quot;classic&quot;}\">\n\t\t\t\t<div class=\"elementor-element elementor-element-030ebe8 elementor-widget elementor-widget-image\" data-id=\"030ebe8\" data-element_type=\"widget\" data-widget_type=\"image.default\">\n\t\t\t\t<div class=\"elementor-widget-container\">\n\t\t\t\t\t\t\t\t\t\t\t\t\t\t\t\t<a href=\"https:\/\/naturoots.es\/en\/servicio\/hide-fotografico-gato-clavo\/\">\n\t\t\t\t\t\t\t<img loading=\"lazy\" decoding=\"async\" width=\"570\" height=\"410\" src=\"https:\/\/naturoots.es\/wp-content\/uploads\/2024\/07\/WhatsApp-Image-2024-05-03-at-15.45.441-570x410-1.jpeg\" class=\"elementor-animation-shrink attachment-full size-full wp-image-3926\" alt=\"Observaci\u00f3n de linces And\u00fajar - NATUROOTS\" srcset=\"https:\/\/naturoots.es\/wp-content\/uploads\/2024\/07\/WhatsApp-Image-2024-05-03-at-15.45.441-570x410-1.jpeg 570w, https:\/\/naturoots.es\/wp-content\/uploads\/2024\/07\/WhatsApp-Image-2024-05-03-at-15.45.441-570x410-1-300x216.jpeg 300w, https:\/\/naturoots.es\/wp-content\/uploads\/2024\/07\/WhatsApp-Image-2024-05-03-at-15.45.441-570x410-1-18x12.jpeg 18w\" sizes=\"(max-width: 570px) 100vw, 570px\" \/>\t\t\t\t\t\t\t\t<\/a>\n\t\t\t\t\t\t\t\t\t\t\t\t\t\t\t<\/div>\n\t\t\t\t<\/div>\n\t\t\t\t<div class=\"elementor-element elementor-element-be79043 elementor-widget elementor-widget-heading\" data-id=\"be79043\" data-element_type=\"widget\" data-widget_type=\"heading.default\">\n\t\t\t\t<div class=\"elementor-widget-container\">\n\t\t\t\t\t<h3 class=\"elementor-heading-title elementor-size-default\">Gato Clavo Hide<\/h3>\t\t\t\t<\/div>\n\t\t\t\t<\/div>\n\t\t\t\t<div class=\"elementor-element elementor-element-51919bd elementor-widget elementor-widget-heading\" data-id=\"51919bd\" data-element_type=\"widget\" data-widget_type=\"heading.default\">\n\t\t\t\t<div class=\"elementor-widget-container\">\n\t\t\t\t\t<span class=\"elementor-heading-title elementor-size-default\">Discover the majestic iberian lynx in the Sierra de And\u00fajar, the stronghold of this species in danger of extinction.<\/span>\t\t\t\t<\/div>\n\t\t\t\t<\/div>\n\t\t\t\t<div class=\"elementor-element elementor-element-08ffdbc elementor-align-left elementor-mobile-align-center elementor-widget elementor-widget-button\" data-id=\"08ffdbc\" data-element_type=\"widget\" data-widget_type=\"button.default\">\n\t\t\t\t<div class=\"elementor-widget-container\">\n\t\t\t\t\t\t\t\t\t<div class=\"elementor-button-wrapper\">\n\t\t\t\t\t<a class=\"elementor-button elementor-button-link elementor-size-md elementor-animation-hang\" href=\"https:\/\/naturoots.es\/en\/servicio\/hide-fotografico-gato-clavo\/\">\n\t\t\t\t\t\t<span class=\"elementor-button-content-wrapper\">\n\t\t\t\t\t\t<span class=\"elementor-button-icon\">\n\t\t\t\t<i aria-hidden=\"true\" class=\"icon icon-right-arrow\"><\/i>\t\t\t<\/span>\n\t\t\t\t\t\t\t\t\t<span class=\"elementor-button-text\">more information<\/span>\n\t\t\t\t\t<\/span>\n\t\t\t\t\t<\/a>\n\t\t\t\t<\/div>\n\t\t\t\t\t\t\t\t<\/div>\n\t\t\t\t<\/div>\n\t\t\t\t<\/div>\n\t\t\t\t\t<\/div>\n\t\t\t\t<\/div>\n\t\t\t\t<\/div>\n\t\t\t\t<\/div>\n\t\t\n\t\t\t\t\t\t<\/div>\n\t\t\t\t<\/div>\n\t\t\t\t\t<\/div>\n\t\t<\/div>\n\t\t\t\t\t<\/div>\n\t\t<\/section>\n\t\t\t\t<\/div>","protected":false},"excerpt":{"rendered":"<p>Fotograf\u00eda de fauna en su m\u00e1ximo esplendor Hides fotogr\u00e1ficos especialmente dise\u00f1ados para obtener las mejores capturas de la fauna de la Sierra de And\u00fajar en su h\u00e1bitat natural, con total comodidad y sin interferir en su entorno.<\/p>","protected":false},"author":3,"featured_media":0,"parent":0,"menu_order":0,"comment_status":"closed","ping_status":"closed","template":"","meta":{"_acf_changed":false,"footnotes":""},"class_list":["post-3467","page","type-page","status-publish","hentry"],"acf":[],"_links":{"self":[{"href":"https:\/\/naturoots.es\/en\/wp-json\/wp\/v2\/pages\/3467","targetHints":{"allow":["GET"]}}],"collection":[{"href":"https:\/\/naturoots.es\/en\/wp-json\/wp\/v2\/pages"}],"about":[{"href":"https:\/\/naturoots.es\/en\/wp-json\/wp\/v2\/types\/page"}],"author":[{"embeddable":true,"href":"https:\/\/naturoots.es\/en\/wp-json\/wp\/v2\/users\/3"}],"replies":[{"embeddable":true,"href":"https:\/\/naturoots.es\/en\/wp-json\/wp\/v2\/comments?post=3467"}],"version-history":[{"count":1,"href":"https:\/\/naturoots.es\/en\/wp-json\/wp\/v2\/pages\/3467\/revisions"}],"predecessor-version":[{"id":5003,"href":"https:\/\/naturoots.es\/en\/wp-json\/wp\/v2\/pages\/3467\/revisions\/5003"}],"wp:attachment":[{"href":"https:\/\/naturoots.es\/en\/wp-json\/wp\/v2\/media?parent=3467"}],"curies":[{"name":"wp","href":"https:\/\/api.w.org\/{rel}","templated":true}]}}