{"id":3490,"date":"2024-06-11T23:35:29","date_gmt":"2024-06-11T21:35:29","guid":{"rendered":"https:\/\/naturoots.es\/?page_id=3490"},"modified":"2026-01-05T13:28:27","modified_gmt":"2026-01-05T12:28:27","slug":"observacion-de-fauna","status":"publish","type":"page","link":"https:\/\/naturoots.es\/en\/observacion-de-fauna\/","title":{"rendered":"Wildlife Tours"},"content":{"rendered":"<div data-elementor-type=\"wp-page\" data-elementor-id=\"3490\" class=\"elementor elementor-3490\" data-elementor-post-type=\"page\">\n\t\t\t\t\t\t<section class=\"elementor-section elementor-top-section elementor-element elementor-element-589f2478 elementor-section-height-min-height elementor-section-boxed elementor-section-height-default elementor-section-items-middle\" data-id=\"589f2478\" data-element_type=\"section\" data-settings=\"{&quot;background_background&quot;:&quot;classic&quot;}\">\n\t\t\t\t\t\t\t<div class=\"elementor-background-overlay\"><\/div>\n\t\t\t\t\t\t\t<div class=\"elementor-container elementor-column-gap-default\">\n\t\t\t\t\t<div class=\"elementor-column elementor-col-100 elementor-top-column elementor-element elementor-element-55ac612d\" data-id=\"55ac612d\" data-element_type=\"column\">\n\t\t\t<div class=\"elementor-widget-wrap elementor-element-populated\">\n\t\t\t\t\t\t\t<\/div>\n\t\t<\/div>\n\t\t\t\t\t<\/div>\n\t\t<\/section>\n\t\t\t\t<section class=\"elementor-section elementor-top-section elementor-element elementor-element-14f37cd1 elementor-section-boxed elementor-section-height-default elementor-section-height-default\" data-id=\"14f37cd1\" data-element_type=\"section\" data-settings=\"{&quot;background_background&quot;:&quot;classic&quot;}\">\n\t\t\t\t\t\t\t<div class=\"elementor-background-overlay\"><\/div>\n\t\t\t\t\t\t\t<div class=\"elementor-container elementor-column-gap-default\">\n\t\t\t\t\t<div class=\"elementor-column elementor-col-100 elementor-top-column elementor-element elementor-element-1a106340\" data-id=\"1a106340\" data-element_type=\"column\">\n\t\t\t<div class=\"elementor-widget-wrap elementor-element-populated\">\n\t\t\t\t\t\t<section class=\"elementor-section elementor-inner-section elementor-element elementor-element-2998f916 elementor-section-boxed elementor-section-height-default elementor-section-height-default\" data-id=\"2998f916\" data-element_type=\"section\">\n\t\t\t\t\t\t<div class=\"elementor-container elementor-column-gap-default\">\n\t\t\t\t\t<div class=\"elementor-column elementor-col-100 elementor-inner-column elementor-element elementor-element-1b35fc5e\" data-id=\"1b35fc5e\" data-element_type=\"column\">\n\t\t\t<div class=\"elementor-widget-wrap elementor-element-populated\">\n\t\t\t\t\t\t<div class=\"elementor-element elementor-element-211db182 elementor-invisible elementor-widget elementor-widget-heading\" data-id=\"211db182\" data-element_type=\"widget\" data-settings=\"{&quot;_animation&quot;:&quot;slideInLeft&quot;}\" data-widget_type=\"heading.default\">\n\t\t\t\t<div class=\"elementor-widget-container\">\n\t\t\t\t\t<h2 class=\"elementor-heading-title elementor-size-default\">Discover the Wildlife of Sierra de And\u00fajar<\/h2>\t\t\t\t<\/div>\n\t\t\t\t<\/div>\n\t\t\t\t<div class=\"elementor-element elementor-element-64dd7f78 elementor-invisible elementor-widget elementor-widget-text-editor\" data-id=\"64dd7f78\" data-element_type=\"widget\" data-settings=\"{&quot;_animation&quot;:&quot;slideInUp&quot;}\" data-widget_type=\"text-editor.default\">\n\t\t\t\t<div class=\"elementor-widget-container\">\n\t\t\t\t\t\t\t\t\t<p><span style=\"font-weight: 400;\">Experience the thrill of searching for wildlife in its natural habitat. Our expert guides will help you locate target species while sharing fascinating insights about the Mediterranean ecosystem.<\/span><\/p>\t\t\t\t\t\t\t\t<\/div>\n\t\t\t\t<\/div>\n\t\t\t\t\t<\/div>\n\t\t<\/div>\n\t\t\t\t\t<\/div>\n\t\t<\/section>\n\t\t\t\t<div class=\"elementor-element elementor-element-356fffb elementor-grid-4 elementor-grid-tablet-2 elementor-grid-mobile-1 elementor-widget elementor-widget-loop-grid\" data-id=\"356fffb\" data-element_type=\"widget\" data-settings=\"{&quot;template_id&quot;:3614,&quot;columns&quot;:4,&quot;_skin&quot;:&quot;post&quot;,&quot;columns_tablet&quot;:&quot;2&quot;,&quot;columns_mobile&quot;:&quot;1&quot;,&quot;edit_handle_selector&quot;:&quot;[data-elementor-type=\\&quot;loop-item\\&quot;]&quot;,&quot;row_gap&quot;:{&quot;unit&quot;:&quot;px&quot;,&quot;size&quot;:&quot;&quot;,&quot;sizes&quot;:[]},&quot;row_gap_tablet&quot;:{&quot;unit&quot;:&quot;px&quot;,&quot;size&quot;:&quot;&quot;,&quot;sizes&quot;:[]},&quot;row_gap_mobile&quot;:{&quot;unit&quot;:&quot;px&quot;,&quot;size&quot;:&quot;&quot;,&quot;sizes&quot;:[]}}\" data-widget_type=\"loop-grid.post\">\n\t\t\t\t<div class=\"elementor-widget-container\">\n\t\t\t\t\t\t\t<div class=\"elementor-loop-container elementor-grid\" role=\"list\">\n\t\t<style id=\"loop-3614\">.elementor-3614 .elementor-element.elementor-element-e7efa0c{--display:flex;--min-height:486px;--flex-direction:row;--container-widget-width:calc( ( 1 - var( --container-widget-flex-grow ) ) * 100% );--container-widget-height:100%;--container-widget-flex-grow:1;--container-widget-align-self:stretch;--flex-wrap-mobile:wrap;--align-items:stretch;--gap:10px 10px;--row-gap:10px;--column-gap:10px;--padding-top:0px;--padding-bottom:0px;--padding-left:0px;--padding-right:0px;}.elementor-3614 .elementor-element.elementor-element-a29814b{--display:flex;--gap:0px 0px;--row-gap:0px;--column-gap:0px;--border-radius:20px 20px 20px 20px;box-shadow:0px 10px 32px -4px rgba(23.999999999999996, 39.000000000000036, 75, 0.1);--margin-top:0px;--margin-bottom:0px;--margin-left:0px;--margin-right:0px;--padding-top:0px;--padding-bottom:0px;--padding-left:0px;--padding-right:0px;}.elementor-3614 .elementor-element.elementor-element-a29814b:not(.elementor-motion-effects-element-type-background), .elementor-3614 .elementor-element.elementor-element-a29814b > .elementor-motion-effects-container > .elementor-motion-effects-layer{background-color:var( --e-global-color-primary );}.elementor-3614 .elementor-element.elementor-element-030ebe8 img{border-radius:20px 20px 20px 20px;}.elementor-3614 .elementor-element.elementor-element-be79043 > .elementor-widget-container{margin:0px 0px 15px 0px;padding:27px 25px 0px 25px;}.elementor-3614 .elementor-element.elementor-element-be79043{text-align:start;}.elementor-3614 .elementor-element.elementor-element-be79043 .elementor-heading-title{font-family:\"Poppins\", Sans-serif;font-size:20px;font-weight:600;text-transform:none;line-height:26px;color:var( --e-global-color-text );}.elementor-3614 .elementor-element.elementor-element-51919bd > .elementor-widget-container{padding:0px 20px 12px 20px;}.elementor-3614 .elementor-element.elementor-element-51919bd .elementor-heading-title{font-size:16px;font-weight:400;text-transform:none;line-height:26px;color:#000000;}.elementor-3614 .elementor-element.elementor-element-08ffdbc .elementor-button{background-color:#FB8E2600;fill:var( --e-global-color-accent );color:var( --e-global-color-accent );padding:0px 0px 0px 25px;}.elementor-3614 .elementor-element.elementor-element-08ffdbc > .elementor-widget-container{margin:0px 0px 0px 0px;padding:10px 0px 15px 0px;}.elementor-3614 .elementor-element.elementor-element-08ffdbc:hover > .elementor-widget-container{border-radius:0px 0px 0px 0px;}.elementor-3614 .elementor-element.elementor-element-08ffdbc .elementor-button-content-wrapper{flex-direction:row-reverse;}.elementor-3614 .elementor-element.elementor-element-08ffdbc .elementor-button .elementor-button-content-wrapper{gap:15px;}.elementor-3614 .elementor-element.elementor-element-08ffdbc .elementor-button:hover, .elementor-3614 .elementor-element.elementor-element-08ffdbc .elementor-button:focus{color:var( --e-global-color-secondary );border-color:#02010100;}.elementor-3614 .elementor-element.elementor-element-08ffdbc .elementor-button:hover svg, .elementor-3614 .elementor-element.elementor-element-08ffdbc .elementor-button:focus svg{fill:var( --e-global-color-secondary );}@media(max-width:1024px) and (min-width:768px){.elementor-3614 .elementor-element.elementor-element-a29814b{--width:100%;}}@media(max-width:1024px){.elementor-3614 .elementor-element.elementor-element-e7efa0c{--min-height:0px;}.elementor-3614 .elementor-element.elementor-element-a29814b{--margin-top:0px;--margin-bottom:0px;--margin-left:10px;--margin-right:10px;}.elementor-3614 .elementor-element.elementor-element-be79043 .elementor-heading-title{font-size:18px;line-height:22px;}}@media(max-width:767px){.elementor-3614 .elementor-element.elementor-element-e7efa0c{--min-height:0px;}.elementor-3614 .elementor-element.elementor-element-a29814b{--gap:0px 0px;--row-gap:0px;--column-gap:0px;--margin-top:0px;--margin-bottom:20px;--margin-left:0px;--margin-right:0px;--padding-top:0px;--padding-bottom:0px;--padding-left:0px;--padding-right:0px;}.elementor-3614 .elementor-element.elementor-element-be79043 > .elementor-widget-container{margin:15px 0px 15px 0px;}.elementor-3614 .elementor-element.elementor-element-be79043{text-align:center;}.elementor-3614 .elementor-element.elementor-element-be79043 .elementor-heading-title{font-size:16px;line-height:22px;}.elementor-3614 .elementor-element.elementor-element-08ffdbc > .elementor-widget-container{margin:0px 0px 0px 0px;padding:15px 0px 15px 0px;}}<\/style>\t\t<div data-elementor-type=\"loop-item\" data-elementor-id=\"3614\" class=\"elementor elementor-3614 e-loop-item e-loop-item-4278 post-4278 servicio type-servicio status-publish has-post-thumbnail hentry categoria-de-servicio-observacion-de-fauna\" data-elementor-post-type=\"elementor_library\" data-custom-edit-handle=\"1\">\n\t\t\t<div class=\"elementor-element elementor-element-e7efa0c e-flex e-con-boxed e-con e-parent\" data-id=\"e7efa0c\" data-element_type=\"container\">\n\t\t\t\t\t<div class=\"e-con-inner\">\n\t\t<div class=\"elementor-element elementor-element-a29814b container-services e-con-full e-flex e-con e-child\" data-id=\"a29814b\" data-element_type=\"container\" data-settings=\"{&quot;background_background&quot;:&quot;classic&quot;}\">\n\t\t\t\t<div class=\"elementor-element elementor-element-030ebe8 elementor-widget elementor-widget-image\" data-id=\"030ebe8\" data-element_type=\"widget\" data-widget_type=\"image.default\">\n\t\t\t\t<div class=\"elementor-widget-container\">\n\t\t\t\t\t\t\t\t\t\t\t\t\t\t\t\t<a href=\"https:\/\/naturoots.es\/en\/servicio\/ruta-observacion-lince-iberico\/\">\n\t\t\t\t\t\t\t<img fetchpriority=\"high\" decoding=\"async\" width=\"800\" height=\"600\" src=\"https:\/\/naturoots.es\/wp-content\/uploads\/2024\/06\/Ver-Lince-Iberico-en-Sierra-de-Andujar-17-1.jpg\" class=\"elementor-animation-shrink attachment-full size-full wp-image-3748\" alt=\"Observaci\u00f3n de linces And\u00fajar - NATUROOTS\" srcset=\"https:\/\/naturoots.es\/wp-content\/uploads\/2024\/06\/Ver-Lince-Iberico-en-Sierra-de-Andujar-17-1.jpg 800w, https:\/\/naturoots.es\/wp-content\/uploads\/2024\/06\/Ver-Lince-Iberico-en-Sierra-de-Andujar-17-1-300x225.jpg 300w, https:\/\/naturoots.es\/wp-content\/uploads\/2024\/06\/Ver-Lince-Iberico-en-Sierra-de-Andujar-17-1-768x576.jpg 768w\" sizes=\"(max-width: 800px) 100vw, 800px\" \/>\t\t\t\t\t\t\t\t<\/a>\n\t\t\t\t\t\t\t\t\t\t\t\t\t\t\t<\/div>\n\t\t\t\t<\/div>\n\t\t\t\t<div class=\"elementor-element elementor-element-be79043 elementor-widget elementor-widget-heading\" data-id=\"be79043\" data-element_type=\"widget\" data-widget_type=\"heading.default\">\n\t\t\t\t<div class=\"elementor-widget-container\">\n\t\t\t\t\t<h3 class=\"elementor-heading-title elementor-size-default\">Iberian Lynx 4x4 Day<\/h3>\t\t\t\t<\/div>\n\t\t\t\t<\/div>\n\t\t\t\t<div class=\"elementor-element elementor-element-51919bd elementor-widget elementor-widget-heading\" data-id=\"51919bd\" data-element_type=\"widget\" data-widget_type=\"heading.default\">\n\t\t\t\t<div class=\"elementor-widget-container\">\n\t\t\t\t\t<span class=\"elementor-heading-title elementor-size-default\">Join us in one day looking for the lynx in the natural park area<\/span>\t\t\t\t<\/div>\n\t\t\t\t<\/div>\n\t\t\t\t<div class=\"elementor-element elementor-element-08ffdbc elementor-align-left elementor-mobile-align-center elementor-widget elementor-widget-button\" data-id=\"08ffdbc\" data-element_type=\"widget\" data-widget_type=\"button.default\">\n\t\t\t\t<div class=\"elementor-widget-container\">\n\t\t\t\t\t\t\t\t\t<div class=\"elementor-button-wrapper\">\n\t\t\t\t\t<a class=\"elementor-button elementor-button-link elementor-size-md elementor-animation-hang\" href=\"https:\/\/naturoots.es\/en\/servicio\/ruta-observacion-lince-iberico\/\">\n\t\t\t\t\t\t<span class=\"elementor-button-content-wrapper\">\n\t\t\t\t\t\t<span class=\"elementor-button-icon\">\n\t\t\t\t<i aria-hidden=\"true\" class=\"icon icon-right-arrow\"><\/i>\t\t\t<\/span>\n\t\t\t\t\t\t\t\t\t<span class=\"elementor-button-text\">more information<\/span>\n\t\t\t\t\t<\/span>\n\t\t\t\t\t<\/a>\n\t\t\t\t<\/div>\n\t\t\t\t\t\t\t\t<\/div>\n\t\t\t\t<\/div>\n\t\t\t\t<\/div>\n\t\t\t\t\t<\/div>\n\t\t\t\t<\/div>\n\t\t\t\t<\/div>\n\t\t\t\t<div data-elementor-type=\"loop-item\" data-elementor-id=\"3614\" class=\"elementor elementor-3614 e-loop-item e-loop-item-3498 post-3498 servicio type-servicio status-publish has-post-thumbnail hentry categoria-de-servicio-observacion-de-fauna\" data-elementor-post-type=\"elementor_library\" data-custom-edit-handle=\"1\">\n\t\t\t<div class=\"elementor-element elementor-element-e7efa0c e-flex e-con-boxed e-con e-parent\" data-id=\"e7efa0c\" data-element_type=\"container\">\n\t\t\t\t\t<div class=\"e-con-inner\">\n\t\t<div class=\"elementor-element elementor-element-a29814b container-services e-con-full e-flex e-con e-child\" data-id=\"a29814b\" data-element_type=\"container\" data-settings=\"{&quot;background_background&quot;:&quot;classic&quot;}\">\n\t\t\t\t<div class=\"elementor-element elementor-element-030ebe8 elementor-widget elementor-widget-image\" data-id=\"030ebe8\" data-element_type=\"widget\" data-widget_type=\"image.default\">\n\t\t\t\t<div class=\"elementor-widget-container\">\n\t\t\t\t\t\t\t\t\t\t\t\t\t\t\t\t<a href=\"https:\/\/naturoots.es\/en\/servicio\/tour-el-lince-de-sierra-morena\/\">\n\t\t\t\t\t\t\t<img decoding=\"async\" width=\"400\" height=\"300\" src=\"https:\/\/naturoots.es\/wp-content\/uploads\/2024\/06\/IMG-20181119-WA0008-400x300-1.jpg\" class=\"elementor-animation-shrink attachment-full size-full wp-image-3432\" alt=\"ecoturismo sierra de and\u00fajar\" srcset=\"https:\/\/naturoots.es\/wp-content\/uploads\/2024\/06\/IMG-20181119-WA0008-400x300-1.jpg 400w, https:\/\/naturoots.es\/wp-content\/uploads\/2024\/06\/IMG-20181119-WA0008-400x300-1-300x225.jpg 300w\" sizes=\"(max-width: 400px) 100vw, 400px\" \/>\t\t\t\t\t\t\t\t<\/a>\n\t\t\t\t\t\t\t\t\t\t\t\t\t\t\t<\/div>\n\t\t\t\t<\/div>\n\t\t\t\t<div class=\"elementor-element elementor-element-be79043 elementor-widget elementor-widget-heading\" data-id=\"be79043\" data-element_type=\"widget\" data-widget_type=\"heading.default\">\n\t\t\t\t<div class=\"elementor-widget-container\">\n\t\t\t\t\t<h3 class=\"elementor-heading-title elementor-size-default\">Iberian lynx 4 days tour<\/h3>\t\t\t\t<\/div>\n\t\t\t\t<\/div>\n\t\t\t\t<div class=\"elementor-element elementor-element-51919bd elementor-widget elementor-widget-heading\" data-id=\"51919bd\" data-element_type=\"widget\" data-widget_type=\"heading.default\">\n\t\t\t\t<div class=\"elementor-widget-container\">\n\t\t\t\t\t<span class=\"elementor-heading-title elementor-size-default\">4 days focus on the iberian lynx<\/span>\t\t\t\t<\/div>\n\t\t\t\t<\/div>\n\t\t\t\t<div class=\"elementor-element elementor-element-08ffdbc elementor-align-left elementor-mobile-align-center elementor-widget elementor-widget-button\" data-id=\"08ffdbc\" data-element_type=\"widget\" data-widget_type=\"button.default\">\n\t\t\t\t<div class=\"elementor-widget-container\">\n\t\t\t\t\t\t\t\t\t<div class=\"elementor-button-wrapper\">\n\t\t\t\t\t<a class=\"elementor-button elementor-button-link elementor-size-md elementor-animation-hang\" href=\"https:\/\/naturoots.es\/en\/servicio\/tour-el-lince-de-sierra-morena\/\">\n\t\t\t\t\t\t<span class=\"elementor-button-content-wrapper\">\n\t\t\t\t\t\t<span class=\"elementor-button-icon\">\n\t\t\t\t<i aria-hidden=\"true\" class=\"icon icon-right-arrow\"><\/i>\t\t\t<\/span>\n\t\t\t\t\t\t\t\t\t<span class=\"elementor-button-text\">more information<\/span>\n\t\t\t\t\t<\/span>\n\t\t\t\t\t<\/a>\n\t\t\t\t<\/div>\n\t\t\t\t\t\t\t\t<\/div>\n\t\t\t\t<\/div>\n\t\t\t\t<\/div>\n\t\t\t\t\t<\/div>\n\t\t\t\t<\/div>\n\t\t\t\t<\/div>\n\t\t\t\t<div data-elementor-type=\"loop-item\" data-elementor-id=\"3614\" class=\"elementor elementor-3614 e-loop-item e-loop-item-3905 post-3905 servicio type-servicio status-publish has-post-thumbnail hentry categoria-de-servicio-observacion-de-fauna\" data-elementor-post-type=\"elementor_library\" data-custom-edit-handle=\"1\">\n\t\t\t<div class=\"elementor-element elementor-element-e7efa0c e-flex e-con-boxed e-con e-parent\" data-id=\"e7efa0c\" data-element_type=\"container\">\n\t\t\t\t\t<div class=\"e-con-inner\">\n\t\t<div class=\"elementor-element elementor-element-a29814b container-services e-con-full e-flex e-con e-child\" data-id=\"a29814b\" data-element_type=\"container\" data-settings=\"{&quot;background_background&quot;:&quot;classic&quot;}\">\n\t\t\t\t<div class=\"elementor-element elementor-element-030ebe8 elementor-widget elementor-widget-image\" data-id=\"030ebe8\" data-element_type=\"widget\" data-widget_type=\"image.default\">\n\t\t\t\t<div class=\"elementor-widget-container\">\n\t\t\t\t\t\t\t\t\t\t\t\t\t\t\t\t<a href=\"https:\/\/naturoots.es\/en\/servicio\/ruta-en-finca-privada\/\">\n\t\t\t\t\t\t\t<img decoding=\"async\" width=\"800\" height=\"600\" src=\"https:\/\/naturoots.es\/wp-content\/uploads\/2024\/06\/Observacion-lince-iberico-en-Sierra-Andujar-12-1.jpg\" class=\"elementor-animation-shrink attachment-full size-full wp-image-3526\" alt=\"hide gato clavo\" srcset=\"https:\/\/naturoots.es\/wp-content\/uploads\/2024\/06\/Observacion-lince-iberico-en-Sierra-Andujar-12-1.jpg 800w, https:\/\/naturoots.es\/wp-content\/uploads\/2024\/06\/Observacion-lince-iberico-en-Sierra-Andujar-12-1-300x225.jpg 300w, https:\/\/naturoots.es\/wp-content\/uploads\/2024\/06\/Observacion-lince-iberico-en-Sierra-Andujar-12-1-768x576.jpg 768w\" sizes=\"(max-width: 800px) 100vw, 800px\" \/>\t\t\t\t\t\t\t\t<\/a>\n\t\t\t\t\t\t\t\t\t\t\t\t\t\t\t<\/div>\n\t\t\t\t<\/div>\n\t\t\t\t<div class=\"elementor-element elementor-element-be79043 elementor-widget elementor-widget-heading\" data-id=\"be79043\" data-element_type=\"widget\" data-widget_type=\"heading.default\">\n\t\t\t\t<div class=\"elementor-widget-container\">\n\t\t\t\t\t<h3 class=\"elementor-heading-title elementor-size-default\">Tours in private properties<\/h3>\t\t\t\t<\/div>\n\t\t\t\t<\/div>\n\t\t\t\t<div class=\"elementor-element elementor-element-51919bd elementor-widget elementor-widget-heading\" data-id=\"51919bd\" data-element_type=\"widget\" data-widget_type=\"heading.default\">\n\t\t\t\t<div class=\"elementor-widget-container\">\n\t\t\t\t\t<span class=\"elementor-heading-title elementor-size-default\">Access to the best lynx properties in Andujar<\/span>\t\t\t\t<\/div>\n\t\t\t\t<\/div>\n\t\t\t\t<div class=\"elementor-element elementor-element-08ffdbc elementor-align-left elementor-mobile-align-center elementor-widget elementor-widget-button\" data-id=\"08ffdbc\" data-element_type=\"widget\" data-widget_type=\"button.default\">\n\t\t\t\t<div class=\"elementor-widget-container\">\n\t\t\t\t\t\t\t\t\t<div class=\"elementor-button-wrapper\">\n\t\t\t\t\t<a class=\"elementor-button elementor-button-link elementor-size-md elementor-animation-hang\" href=\"https:\/\/naturoots.es\/en\/servicio\/ruta-en-finca-privada\/\">\n\t\t\t\t\t\t<span class=\"elementor-button-content-wrapper\">\n\t\t\t\t\t\t<span class=\"elementor-button-icon\">\n\t\t\t\t<i aria-hidden=\"true\" class=\"icon icon-right-arrow\"><\/i>\t\t\t<\/span>\n\t\t\t\t\t\t\t\t\t<span class=\"elementor-button-text\">more information<\/span>\n\t\t\t\t\t<\/span>\n\t\t\t\t\t<\/a>\n\t\t\t\t<\/div>\n\t\t\t\t\t\t\t\t<\/div>\n\t\t\t\t<\/div>\n\t\t\t\t<\/div>\n\t\t\t\t\t<\/div>\n\t\t\t\t<\/div>\n\t\t\t\t<\/div>\n\t\t\t\t<div data-elementor-type=\"loop-item\" data-elementor-id=\"3614\" class=\"elementor elementor-3614 e-loop-item e-loop-item-3855 post-3855 servicio type-servicio status-publish has-post-thumbnail hentry categoria-de-servicio-observacion-de-fauna\" data-elementor-post-type=\"elementor_library\" data-custom-edit-handle=\"1\">\n\t\t\t<div class=\"elementor-element elementor-element-e7efa0c e-flex e-con-boxed e-con e-parent\" data-id=\"e7efa0c\" data-element_type=\"container\">\n\t\t\t\t\t<div class=\"e-con-inner\">\n\t\t<div class=\"elementor-element elementor-element-a29814b container-services e-con-full e-flex e-con e-child\" data-id=\"a29814b\" data-element_type=\"container\" data-settings=\"{&quot;background_background&quot;:&quot;classic&quot;}\">\n\t\t\t\t<div class=\"elementor-element elementor-element-030ebe8 elementor-widget elementor-widget-image\" data-id=\"030ebe8\" data-element_type=\"widget\" data-widget_type=\"image.default\">\n\t\t\t\t<div class=\"elementor-widget-container\">\n\t\t\t\t\t\t\t\t\t\t\t\t\t\t\t\t<a href=\"https:\/\/naturoots.es\/en\/servicio\/ruta-de-berrea\/\">\n\t\t\t\t\t\t\t<img loading=\"lazy\" decoding=\"async\" width=\"800\" height=\"600\" src=\"https:\/\/naturoots.es\/wp-content\/uploads\/2024\/07\/GERMAN_LINARES-ciervos-1WEB.jpg\" class=\"elementor-animation-shrink attachment-full size-full wp-image-4181\" alt=\"berrea del ciervo\" srcset=\"https:\/\/naturoots.es\/wp-content\/uploads\/2024\/07\/GERMAN_LINARES-ciervos-1WEB.jpg 800w, https:\/\/naturoots.es\/wp-content\/uploads\/2024\/07\/GERMAN_LINARES-ciervos-1WEB-300x225.jpg 300w, https:\/\/naturoots.es\/wp-content\/uploads\/2024\/07\/GERMAN_LINARES-ciervos-1WEB-768x576.jpg 768w, https:\/\/naturoots.es\/wp-content\/uploads\/2024\/07\/GERMAN_LINARES-ciervos-1WEB-16x12.jpg 16w\" sizes=\"(max-width: 800px) 100vw, 800px\" \/>\t\t\t\t\t\t\t\t<\/a>\n\t\t\t\t\t\t\t\t\t\t\t\t\t\t\t<\/div>\n\t\t\t\t<\/div>\n\t\t\t\t<div class=\"elementor-element elementor-element-be79043 elementor-widget elementor-widget-heading\" data-id=\"be79043\" data-element_type=\"widget\" data-widget_type=\"heading.default\">\n\t\t\t\t<div class=\"elementor-widget-container\">\n\t\t\t\t\t<h3 class=\"elementor-heading-title elementor-size-default\">Red Deer Rutting Season<\/h3>\t\t\t\t<\/div>\n\t\t\t\t<\/div>\n\t\t\t\t<div class=\"elementor-element elementor-element-51919bd elementor-widget elementor-widget-heading\" data-id=\"51919bd\" data-element_type=\"widget\" data-widget_type=\"heading.default\">\n\t\t\t\t<div class=\"elementor-widget-container\">\n\t\t\t\t\t<span class=\"elementor-heading-title elementor-size-default\">Enjoy one of the most impressive days in the mediterranean forest<\/span>\t\t\t\t<\/div>\n\t\t\t\t<\/div>\n\t\t\t\t<div class=\"elementor-element elementor-element-08ffdbc elementor-align-left elementor-mobile-align-center elementor-widget elementor-widget-button\" data-id=\"08ffdbc\" data-element_type=\"widget\" data-widget_type=\"button.default\">\n\t\t\t\t<div class=\"elementor-widget-container\">\n\t\t\t\t\t\t\t\t\t<div class=\"elementor-button-wrapper\">\n\t\t\t\t\t<a class=\"elementor-button elementor-button-link elementor-size-md elementor-animation-hang\" href=\"https:\/\/naturoots.es\/en\/servicio\/ruta-de-berrea\/\">\n\t\t\t\t\t\t<span class=\"elementor-button-content-wrapper\">\n\t\t\t\t\t\t<span class=\"elementor-button-icon\">\n\t\t\t\t<i aria-hidden=\"true\" class=\"icon icon-right-arrow\"><\/i>\t\t\t<\/span>\n\t\t\t\t\t\t\t\t\t<span class=\"elementor-button-text\">more information<\/span>\n\t\t\t\t\t<\/span>\n\t\t\t\t\t<\/a>\n\t\t\t\t<\/div>\n\t\t\t\t\t\t\t\t<\/div>\n\t\t\t\t<\/div>\n\t\t\t\t<\/div>\n\t\t\t\t\t<\/div>\n\t\t\t\t<\/div>\n\t\t\t\t<\/div>\n\t\t\t\t<\/div>\n\t\t\n\t\t\t\t\t\t<\/div>\n\t\t\t\t<\/div>\n\t\t\t\t\t<\/div>\n\t\t<\/div>\n\t\t\t\t\t<\/div>\n\t\t<\/section>\n\t\t\t\t<\/div>","protected":false},"excerpt":{"rendered":"<p>Descubre la fauna de la Sierra de And\u00fajar Experimenta la emoci\u00f3n de nuestros tours de observaci\u00f3n de fauna salvaje en su h\u00e1bitat natural. Nuestros gu\u00edas, expertos conocedores del territorio, te ayudar\u00e1n a localizar tus principales especies objetivo mientras te ense\u00f1an todo lo referente al medio en el que viven<\/p>","protected":false},"author":3,"featured_media":0,"parent":0,"menu_order":0,"comment_status":"closed","ping_status":"closed","template":"","meta":{"_acf_changed":false,"footnotes":""},"class_list":["post-3490","page","type-page","status-publish","hentry"],"acf":[],"_links":{"self":[{"href":"https:\/\/naturoots.es\/en\/wp-json\/wp\/v2\/pages\/3490","targetHints":{"allow":["GET"]}}],"collection":[{"href":"https:\/\/naturoots.es\/en\/wp-json\/wp\/v2\/pages"}],"about":[{"href":"https:\/\/naturoots.es\/en\/wp-json\/wp\/v2\/types\/page"}],"author":[{"embeddable":true,"href":"https:\/\/naturoots.es\/en\/wp-json\/wp\/v2\/users\/3"}],"replies":[{"embeddable":true,"href":"https:\/\/naturoots.es\/en\/wp-json\/wp\/v2\/comments?post=3490"}],"version-history":[{"count":1,"href":"https:\/\/naturoots.es\/en\/wp-json\/wp\/v2\/pages\/3490\/revisions"}],"predecessor-version":[{"id":5005,"href":"https:\/\/naturoots.es\/en\/wp-json\/wp\/v2\/pages\/3490\/revisions\/5005"}],"wp:attachment":[{"href":"https:\/\/naturoots.es\/en\/wp-json\/wp\/v2\/media?parent=3490"}],"curies":[{"name":"wp","href":"https:\/\/api.w.org\/{rel}","templated":true}]}}