{"id":4555,"date":"2025-04-11T16:42:44","date_gmt":"2025-04-11T14:42:44","guid":{"rendered":"https:\/\/naturoots.es\/?page_id=4555"},"modified":"2026-01-19T13:14:38","modified_gmt":"2026-01-19T12:14:38","slug":"politica-de-contratacion","status":"publish","type":"page","link":"https:\/\/naturoots.es\/en\/politica-de-contratacion\/","title":{"rendered":"Pol\u00edtica de contrataci\u00f3n"},"content":{"rendered":"<p>Naturoots aplica la siguiente pol\u00edtica de cancelaci\u00f3n:<\/p>\n\n\n\n<p>La anulaci\u00f3n de la reserva dar\u00e1 derecho a retener, en concepto de indemnizaci\u00f3n, el siguiente porcentaje de la se\u00f1al exigida:<\/p>\n\n\n\n<ul class=\"wp-block-list\">\n<li>\u00b7 El 5% cuando la anulaci\u00f3n se haga con m\u00e1s de treinta d\u00edas de antelaci\u00f3n a la fecha fijada para la actividad.<\/li>\n\n\n\n<li>\u00b7 El 50% cuando se haga con treinta d\u00edas o menos y m\u00e1s de siete d\u00edas para la actividad.<\/li>\n\n\n\n<li>\u00b7 El 100% cuando se haga con menos de siete d\u00edas para la actividad.<\/li>\n<\/ul>\n\n\n\n<p>Si el cliente no se personara llegada la fecha de la actividad, se le reclamar\u00e1 el resto del pago hasta completar el 100% del precio acordado.<\/p>\n\n\n\n<p><\/p>\n\n\n\n<p><strong>NOTA:<\/strong>&nbsp;En caso de que por alguna raz\u00f3n se tuviera que modificar las fechas de la actividad contratada con Naturoots, este \u00faltimo aceptar\u00e1 el cambio siempre que haya disponibilidad y que se realice para una fecha comprendida entre los tres meses siguientes, la nueva reserva deber\u00e1 ser igualmente confirmada por e-mail o WhatsApp.<\/p>\n\n\n\n<h4 class=\"wp-block-heading\">Reservas<\/h4>\n\n\n\n<p>Las reservas no son efectivas hasta que no se haya depositado el 50% del importe total de la actividad en la cuenta corriente de Naturoots. <\/p>\n\n\n\n<p>No se podr\u00e1n realizar cancelaciones por condiciones meteorol\u00f3gicas.<\/p>\n\n\n\n<p><\/p>\n\n\n\n<p><\/p>","protected":false},"excerpt":{"rendered":"<p>Naturoots aplica la siguiente pol\u00edtica de cancelaci\u00f3n: La anulaci\u00f3n de la reserva dar\u00e1 derecho a retener, en concepto de indemnizaci\u00f3n, el siguiente porcentaje de la se\u00f1al exigida: Si el cliente no se personara llegada la fecha de la actividad, se le reclamar\u00e1 el resto del pago hasta completar el 100% del precio acordado. NOTA:&nbsp;En caso [&hellip;]<\/p>","protected":false},"author":3,"featured_media":0,"parent":0,"menu_order":0,"comment_status":"closed","ping_status":"closed","template":"","meta":{"_acf_changed":false,"footnotes":""},"class_list":["post-4555","page","type-page","status-publish","hentry"],"acf":[],"_links":{"self":[{"href":"https:\/\/naturoots.es\/en\/wp-json\/wp\/v2\/pages\/4555","targetHints":{"allow":["GET"]}}],"collection":[{"href":"https:\/\/naturoots.es\/en\/wp-json\/wp\/v2\/pages"}],"about":[{"href":"https:\/\/naturoots.es\/en\/wp-json\/wp\/v2\/types\/page"}],"author":[{"embeddable":true,"href":"https:\/\/naturoots.es\/en\/wp-json\/wp\/v2\/users\/3"}],"replies":[{"embeddable":true,"href":"https:\/\/naturoots.es\/en\/wp-json\/wp\/v2\/comments?post=4555"}],"version-history":[{"count":2,"href":"https:\/\/naturoots.es\/en\/wp-json\/wp\/v2\/pages\/4555\/revisions"}],"predecessor-version":[{"id":5011,"href":"https:\/\/naturoots.es\/en\/wp-json\/wp\/v2\/pages\/4555\/revisions\/5011"}],"wp:attachment":[{"href":"https:\/\/naturoots.es\/en\/wp-json\/wp\/v2\/media?parent=4555"}],"curies":[{"name":"wp","href":"https:\/\/api.w.org\/{rel}","templated":true}]}}