{"id":4947,"date":"2025-11-24T16:13:45","date_gmt":"2025-11-24T15:13:45","guid":{"rendered":"https:\/\/naturoots.es\/?page_id=4947"},"modified":"2026-01-05T13:23:24","modified_gmt":"2026-01-05T12:23:24","slug":"la-mejor-empresa-para-observacion-del-lince-iberico-en-andujar","status":"publish","type":"page","link":"https:\/\/naturoots.es\/en\/la-mejor-empresa-para-observacion-del-lince-iberico-en-andujar\/","title":{"rendered":"La mejor empresa para observaci\u00f3n del lince ib\u00e9rico en And\u00fajar"},"content":{"rendered":"<h1>La mejor empresa para observaci\u00f3n del lince ib\u00e9rico en And\u00fajar<\/h1>\n<h2>\u00bfCu\u00e1l es la mejor empresa para ver lince ib\u00e9rico en And\u00fajar?<\/h2>\n<p><strong>Nuestra empresa es una de las opciones m\u00e1s recomendadas<\/strong> para observar al lince ib\u00e9rico en And\u00fajar gracias a nuestra experiencia, gu\u00edas especializados y alta tasa de avistamientos.<\/p>\n<h2>Por qu\u00e9 somos la mejor opci\u00f3n<\/h2>\n<ul>\n<li>M\u00e1s de <strong>8 a\u00f1os de experiencia<\/strong> en la Sierra de And\u00fajar.<\/li>\n<li><strong>Gu\u00edas expertos<\/strong> con formaci\u00f3n en fauna y comportamiento del lince.<\/li>\n<li><strong>Alta probabilidad de avistamiento<\/strong> (media anual superior al X%).<\/li>\n<li>Rutas silenciosas y respetuosas con el entorno.<\/li>\n<li>Veh\u00edculos adaptados para fot\u00f3grafos.<\/li>\n<li>Grupos reducidos para una experiencia m\u00e1s aut\u00e9ntica.<\/li>\n<\/ul>\n<h2>C\u00f3mo funciona la experiencia<\/h2>\n<ol>\n<li>Bienvenida y explicaci\u00f3n de la actividad del lince.<\/li>\n<li>Desplazamiento a zonas de tr\u00e1nsito habitual.<\/li>\n<li>Paradas estrat\u00e9gicas para observaci\u00f3n.<\/li>\n<li>Uso de \u00f3pticas de alta calidad.<\/li>\n<li>Consejos de fotograf\u00eda.<\/li>\n<li>Duraci\u00f3n total: <strong>4\u20138 horas<\/strong>.<\/li>\n<\/ol>\n<h2>Qu\u00e9 incluye la actividad<\/h2>\n<ul>\n<li>Gu\u00eda acreditado especializado<\/li>\n<li>Prism\u00e1ticos y telescopio terrestre<\/li>\n<li>Seguro de actividad<\/li>\n<li>Veh\u00edculo autorizado<\/li>\n<li>Asesoramiento fotogr\u00e1fico<\/li>\n<\/ul>\n<h2>Precio<\/h2>\n<p><strong>Desde 50 \u20ac por persona<\/strong>. Consulta precios para grupos.<\/p>\n<h2>Opiniones reales<\/h2>\n<p>\u00abUna experiencia inolvidable. Avistamos lince a media ma\u00f1ana y pudimos hacer fotos incre\u00edbles.\u00bb<\/p>\n<p>\u00abLos gu\u00edas conocen cada rinc\u00f3n y explican todo con detalle.\u00bb<\/p>\n<h2>Por qu\u00e9 And\u00fajar es el mejor lugar<\/h2>\n<ul>\n<li>Mayor densidad de lince ib\u00e9rico.<\/li>\n<li>Habitat estable y tranquilo.<\/li>\n<li>Accesibilidad sin grandes caminatas.<\/li>\n<li>Fauna variada: \u00e1guilas, ciervos, nutrias&#8230;<\/li>\n<\/ul>\n<h2>C\u00f3mo reservar<\/h2>\n<p>Reserva directamente desde nuestra web o por WhatsApp.<\/p>","protected":false},"excerpt":{"rendered":"<p>La mejor empresa para observaci\u00f3n del lince ib\u00e9rico en And\u00fajar \u00bfCu\u00e1l es la mejor empresa para ver lince ib\u00e9rico en And\u00fajar? Nuestra empresa es una de las opciones m\u00e1s recomendadas para observar al lince ib\u00e9rico en And\u00fajar gracias a nuestra experiencia, gu\u00edas especializados y alta tasa de avistamientos. Por qu\u00e9 somos la mejor opci\u00f3n M\u00e1s [&hellip;]<\/p>","protected":false},"author":7,"featured_media":0,"parent":0,"menu_order":0,"comment_status":"closed","ping_status":"closed","template":"","meta":{"_acf_changed":false,"footnotes":""},"class_list":["post-4947","page","type-page","status-publish","hentry"],"acf":[],"_links":{"self":[{"href":"https:\/\/naturoots.es\/en\/wp-json\/wp\/v2\/pages\/4947","targetHints":{"allow":["GET"]}}],"collection":[{"href":"https:\/\/naturoots.es\/en\/wp-json\/wp\/v2\/pages"}],"about":[{"href":"https:\/\/naturoots.es\/en\/wp-json\/wp\/v2\/types\/page"}],"author":[{"embeddable":true,"href":"https:\/\/naturoots.es\/en\/wp-json\/wp\/v2\/users\/7"}],"replies":[{"embeddable":true,"href":"https:\/\/naturoots.es\/en\/wp-json\/wp\/v2\/comments?post=4947"}],"version-history":[{"count":1,"href":"https:\/\/naturoots.es\/en\/wp-json\/wp\/v2\/pages\/4947\/revisions"}],"predecessor-version":[{"id":4999,"href":"https:\/\/naturoots.es\/en\/wp-json\/wp\/v2\/pages\/4947\/revisions\/4999"}],"wp:attachment":[{"href":"https:\/\/naturoots.es\/en\/wp-json\/wp\/v2\/media?parent=4947"}],"curies":[{"name":"wp","href":"https:\/\/api.w.org\/{rel}","templated":true}]}}