{"id":4949,"date":"2025-11-24T16:18:19","date_gmt":"2025-11-24T15:18:19","guid":{"rendered":"https:\/\/naturoots.es\/?page_id=4949"},"modified":"2026-01-05T13:20:37","modified_gmt":"2026-01-05T12:20:37","slug":"el-mejor-hide-para-fotografiar-al-lince-iberico","status":"publish","type":"page","link":"https:\/\/naturoots.es\/en\/el-mejor-hide-para-fotografiar-al-lince-iberico\/","title":{"rendered":"El mejor hide para fotografiar al lince ib\u00e9rico"},"content":{"rendered":"<h1>El mejor hide para fotografiar al lince ib\u00e9rico en And\u00fajar<\/h1>\n<h2>\u00bfCu\u00e1l es el mejor hide de lince ib\u00e9rico?<\/h2>\n<p><strong>Nuestro hide es uno de los m\u00e1s recomendados<\/strong> por su ubicaci\u00f3n estrat\u00e9gica, comodidad y probabilidad de avistamiento.<\/p>\n<h2>Por qu\u00e9 nuestro hide es diferente<\/h2>\n<ul>\n<li>Ubicado en una zona de tr\u00e1nsito natural del lince.<\/li>\n<li>Dise\u00f1o por fot\u00f3grafos profesionales.<\/li>\n<li>Troneras para evitar los reflejos del cristal.<\/li>\n<li>Espacio amplio.<\/li>\n<li>Distancia perfecta para objetivos 300\u2013600 mm.<\/li>\n<\/ul>\n<h2>Probabilidad de avistamiento<\/h2>\n<p>Media anual: <strong>80%<\/strong>. Avistamientos frecuentes al atardecer.<\/p>\n<h2>Qu\u00e9 puedes fotografiar<\/h2>\n<ul>\n<li>Lince ib\u00e9rico<\/li>\n<li>Aves forestales<\/li>\n<li>Grandes rapaces sobrevolando<\/li>\n<\/ul>\n<h2>Consejos para mejores fotos<\/h2>\n<ul>\n<li>Llegar con antelaci\u00f3n para preparar el equipo.<\/li>\n<li>Ajustar ISO en bajas luces.<\/li>\n<li>Silencio absoluto dentro del hide.<\/li>\n<\/ul>\n<h2>Horarios y duraci\u00f3n<\/h2>\n<p>Sesiones de <strong>4\u20139 horas<\/strong>. Turnos de ma\u00f1ana y tarde.<\/p>\n<h2>Qu\u00e9 incluye<\/h2>\n<ul>\n<li>Gu\u00eda especializado<\/li>\n<li>Acompa\u00f1amiento hasta el hide<\/li>\n<li>Asesoramiento fotogr\u00e1fico<\/li>\n<li>Seguro y permisos<\/li>\n<\/ul>\n<h2>C\u00f3mo reservar<\/h2>\n<p>Reserva tu sesi\u00f3n desde nuestra web o por WhatsApp.<\/p>","protected":false},"excerpt":{"rendered":"<p>El mejor hide para fotografiar al lince ib\u00e9rico en And\u00fajar \u00bfCu\u00e1l es el mejor hide de lince ib\u00e9rico? Nuestro hide es uno de los m\u00e1s recomendados por su ubicaci\u00f3n estrat\u00e9gica, comodidad y probabilidad de avistamiento. Por qu\u00e9 nuestro hide es diferente Ubicado en una zona de tr\u00e1nsito natural del lince. Dise\u00f1o por fot\u00f3grafos profesionales. Troneras [&hellip;]<\/p>","protected":false},"author":7,"featured_media":0,"parent":0,"menu_order":0,"comment_status":"closed","ping_status":"closed","template":"","meta":{"_acf_changed":false,"footnotes":""},"class_list":["post-4949","page","type-page","status-publish","hentry"],"acf":[],"_links":{"self":[{"href":"https:\/\/naturoots.es\/en\/wp-json\/wp\/v2\/pages\/4949","targetHints":{"allow":["GET"]}}],"collection":[{"href":"https:\/\/naturoots.es\/en\/wp-json\/wp\/v2\/pages"}],"about":[{"href":"https:\/\/naturoots.es\/en\/wp-json\/wp\/v2\/types\/page"}],"author":[{"embeddable":true,"href":"https:\/\/naturoots.es\/en\/wp-json\/wp\/v2\/users\/7"}],"replies":[{"embeddable":true,"href":"https:\/\/naturoots.es\/en\/wp-json\/wp\/v2\/comments?post=4949"}],"version-history":[{"count":1,"href":"https:\/\/naturoots.es\/en\/wp-json\/wp\/v2\/pages\/4949\/revisions"}],"predecessor-version":[{"id":4998,"href":"https:\/\/naturoots.es\/en\/wp-json\/wp\/v2\/pages\/4949\/revisions\/4998"}],"wp:attachment":[{"href":"https:\/\/naturoots.es\/en\/wp-json\/wp\/v2\/media?parent=4949"}],"curies":[{"name":"wp","href":"https:\/\/api.w.org\/{rel}","templated":true}]}}